{"id":15,"date":"2018-04-06T14:09:07","date_gmt":"2018-04-06T14:09:07","guid":{"rendered":"http:\/\/hh.hi.is\/?page_id=15"},"modified":"2018-05-09T13:26:53","modified_gmt":"2018-05-09T13:26:53","slug":"foreign-collaboration","status":"publish","type":"page","link":"https:\/\/hh.hi.is\/?page_id=15","title":{"rendered":"Foreign collaboration"},"content":{"rendered":"<p>The research is conducted in cooperation with five international experts who will serve as an advisory board to be consulted in relation to the milestones of the project. Apart from serving as advisors, their role will be to take part in seminars, give presentations about their own work and provide feedback and support regarding the interpretation of results and the dissemination of findings through international publications and seminars. <!--more--><\/p>\n<p>The following experts have confirmed their participation:<\/p>\n<h2>Mary C. Beaudry<\/h2>\n<p><a href=\"https:\/\/hh.hi.is\/wp-content\/uploads\/2018\/04\/MaryC.png\"><img loading=\"lazy\" decoding=\"async\" class=\"alignright size-thumbnail wp-image-131\" src=\"https:\/\/hh.hi.is\/wp-content\/uploads\/2018\/04\/MaryC-150x150.png\" alt=\"\" width=\"150\" height=\"150\" srcset=\"https:\/\/hh.hi.is\/wp-content\/uploads\/2018\/04\/MaryC-150x150.png 150w, https:\/\/hh.hi.is\/wp-content\/uploads\/2018\/04\/MaryC-300x300.png 300w, https:\/\/hh.hi.is\/wp-content\/uploads\/2018\/04\/MaryC-768x770.png 768w, https:\/\/hh.hi.is\/wp-content\/uploads\/2018\/04\/MaryC-1022x1024.png 1022w, https:\/\/hh.hi.is\/wp-content\/uploads\/2018\/04\/MaryC-100x100.png 100w, https:\/\/hh.hi.is\/wp-content\/uploads\/2018\/04\/MaryC.png 1835w\" sizes=\"(max-width: 150px) 100vw, 150px\" \/><\/a>Mary C. Beaudry\u00a0(Archaeologist \u2013 PhD) is Professor of Archaeology, Anthropology, and Gastronomy at Boston University (USA), where she teaches historical and contemporary archaeology, archaeological theory, and material culture studies. She has authored, co-authored, edited, or co-edited 10 books, the most recent of which is\u00a0<em>Archaeology of<\/em>\u00a0<em>Food: An Encyclopedia\u00a0<\/em>(Rowman &amp; Littlefield, 2015), co-edited with Karen B. Metheny. She has published over 100 articles and book chapters and is co-editor with Karen B. Metheny of a new international book series, Archaeology of Food, published by University of Alabama Press.<\/p>\n<h2>Laurie Bertram<\/h2>\n<p><a href=\"https:\/\/hh.hi.is\/wp-content\/uploads\/2018\/05\/laurie.png\"><img loading=\"lazy\" decoding=\"async\" class=\"alignright size-thumbnail wp-image-160\" src=\"https:\/\/hh.hi.is\/wp-content\/uploads\/2018\/05\/laurie-150x150.png\" alt=\"\" width=\"150\" height=\"150\" srcset=\"https:\/\/hh.hi.is\/wp-content\/uploads\/2018\/05\/laurie-150x150.png 150w, https:\/\/hh.hi.is\/wp-content\/uploads\/2018\/05\/laurie-298x300.png 298w, https:\/\/hh.hi.is\/wp-content\/uploads\/2018\/05\/laurie-768x774.png 768w, https:\/\/hh.hi.is\/wp-content\/uploads\/2018\/05\/laurie-1016x1024.png 1016w, https:\/\/hh.hi.is\/wp-content\/uploads\/2018\/05\/laurie-100x100.png 100w, https:\/\/hh.hi.is\/wp-content\/uploads\/2018\/05\/laurie.png 1037w\" sizes=\"(max-width: 150px) 100vw, 150px\" \/><\/a>Laurie K. Bertram is an assistant professor of Icelandic descent\u00a0at the University of Toronto in the Department of History. Her research\u00a0focus on gender, material culture and\u00a0migration in North America\u00a0and Iceland. \u201cMain Street Vikings: Making Icelandic-North Americans, 1870 onwards,\u201d her forthcoming book, (UTP) studies the formation of Icelandic immigrant identity and culture though alternate media, including food, \u201cViking\u201d souvenirs, ghost stories and immigrant fashion.<\/p>\n<h2>Tim Flohr S\u00f8rensen<\/h2>\n<p><a href=\"https:\/\/hh.hi.is\/wp-content\/uploads\/2018\/04\/tim2.png\"><img loading=\"lazy\" decoding=\"async\" class=\"alignright wp-image-127 size-thumbnail\" src=\"https:\/\/hh.hi.is\/wp-content\/uploads\/2018\/04\/tim2-150x150.png\" alt=\"\" width=\"150\" height=\"150\" srcset=\"https:\/\/hh.hi.is\/wp-content\/uploads\/2018\/04\/tim2-150x150.png 150w, https:\/\/hh.hi.is\/wp-content\/uploads\/2018\/04\/tim2-300x300.png 300w, https:\/\/hh.hi.is\/wp-content\/uploads\/2018\/04\/tim2-768x768.png 768w, https:\/\/hh.hi.is\/wp-content\/uploads\/2018\/04\/tim2-1024x1024.png 1024w, https:\/\/hh.hi.is\/wp-content\/uploads\/2018\/04\/tim2-100x100.png 100w\" sizes=\"(max-width: 150px) 100vw, 150px\" \/><\/a>Tim Flohr S\u00f8rensen (Archaeologist \u2013 PhD) is currently an Associate professor of contemporary archaeology and archaeological theory at the Saxo Institute, the University of Copenhagen. His current research focuses on processes of ruination and the unfinished, and central epistemological challenges to archaeology, such as absence, fragmentation, vagueness and tracelessness. He co-authored\u00a0<em>Materialitet<\/em>(2012, Forlaget Samfundslitteratur) and published articles in several international journals including<em>Archaeological Dialogues<\/em>,\u00a0<em>Journal of Material Culture<\/em>,\u00a0<em>Journal of Contemporary Archaeology<\/em>, and he has co-edited a special issue of\u00a0<em>Emotion, Space and Society<\/em>\u00a0on \u2018Staging Atmospheres\u2019. He is also the co-editor of the volumes\u00a0<em>An Anthropology of Absence<\/em>\u00a0(2010, Springer Press),\u00a0<em>Materialities of Passing<\/em>\u00a0(2016, Routledge) and\u00a0<em>Elements of Architecture\u00a0<\/em>(2016, Routledge).<\/p>\n<h2>Bj\u00f8rnar Olsen<\/h2>\n<p><a href=\"https:\/\/hh.hi.is\/wp-content\/uploads\/2018\/05\/bjornar.png\"><img loading=\"lazy\" decoding=\"async\" class=\"alignright size-thumbnail wp-image-163\" src=\"https:\/\/hh.hi.is\/wp-content\/uploads\/2018\/05\/bjornar-150x150.png\" alt=\"\" width=\"150\" height=\"150\" srcset=\"https:\/\/hh.hi.is\/wp-content\/uploads\/2018\/05\/bjornar-150x150.png 150w, https:\/\/hh.hi.is\/wp-content\/uploads\/2018\/05\/bjornar-300x300.png 300w, https:\/\/hh.hi.is\/wp-content\/uploads\/2018\/05\/bjornar-100x100.png 100w, https:\/\/hh.hi.is\/wp-content\/uploads\/2018\/05\/bjornar.png 687w\" sizes=\"(max-width: 150px) 100vw, 150px\" \/><\/a>Dr Bj\u00f8rnar Olsen is professor in archaeology at the Department of Archaeology, History, Religion and Theology, at UiT The Arctic University of Norway, Troms\u00f8. His research interests include contemporary archaeology, memory, thing theory and S\u00e1mi studies, and he as published widely on these matters. His latest books are \u201cIn Defense of Things: Archaeology and the Ontology of Objects\u201d (2010), Persistent Memories: Pyramiden \u2013 a Soviet Mining Town in the High Arctic (2010, with E. Andreassen and H. Bjerck), Archaeology: The Discipline of Things (2012, with M. Shanks, T. Webmoor and C. Witmore), and Ruin Memories: Materialities, Aestehtics and the Archaeology of the Recent Past (2014, editor with \u00de\u00f3ra P\u00e9tursd\u00f3ttir). Bj\u00f8rnar is director of the current projects Object Matters and Unruly Heritage (together with \u00de\u00f3ra P\u00e9tursd\u00f3ttir), both funded by the Norwegian Research Council.\u00a0<a href=\"mailto:bjornar.olsen@uit.no\">bjornar.olsen@uit.no<\/a><\/p>\n<h2>Ewa Domanska<\/h2>\n<p><a href=\"https:\/\/hh.hi.is\/wp-content\/uploads\/2018\/04\/Ewa_Domanska_2017.png\"><img loading=\"lazy\" decoding=\"async\" class=\"alignright wp-image-113 size-thumbnail\" src=\"https:\/\/hh.hi.is\/wp-content\/uploads\/2018\/04\/Ewa_Domanska_2017-150x150.png\" alt=\"\" width=\"150\" height=\"150\" srcset=\"https:\/\/hh.hi.is\/wp-content\/uploads\/2018\/04\/Ewa_Domanska_2017-150x150.png 150w, https:\/\/hh.hi.is\/wp-content\/uploads\/2018\/04\/Ewa_Domanska_2017-100x100.png 100w\" sizes=\"(max-width: 150px) 100vw, 150px\" \/><\/a>Ewa Domanska is a Professor of Human Sciences, Department of History, Adam Mickiewicz University in Poznan, Poland and a recurrent visiting associate professor at the Department of Anthropology, Stanford University. He is a President of the \u201eInternational Commission for the History and Theory of Historiography\u201d (CISH); a member of the Committee of the Cultural Sciences as well as an expert of the Committee of Historical Sciences of the Polish Academy of Science. Domanska is the author and editor of 20 books and numerus articles published in Poland and abroad.<\/p>\n<p>Her teaching and research interests include comparative theory of the humanities and social sciences, history and theory of historiography, ecological humanities, ecocide and genocide studies. Recently she published<em>: Nekros. Wprowadzenie do ontologii martwego cia\u0142a<\/em> [Necros: An Introduction to the Ontology of Human Dead Body and Remains]. Warszawa: Wydawnictwo Naukowe PWN, 2017, pp. 370 (in Polish); &#8220;The Eco-Ecumene and Multispecies History: The Case of Abandoned Protestant Cemeteries in Poland,&#8221; in <em>Multispecies Archaeology<\/em>, ed. by Suzanne E. Pilaar Birch. New York: Routledge, 2018: 118-132; &#8220;Animal History&#8221;. History and Theory, vol. 56, no. 2, 2017: 265-285; &#8220;Dehumanisation Through Decomposition and the Force of Law,\u201d in <em>Mapping the \u2018Forensic Turn:\u2019 The Engagements with Materialities of Mass Death in Holocaust Studies and Beyond<\/em>, ed. by Zuzanna Dziuban. Vienna: New Academic Press, 2017: 89-104.<\/p>\n","protected":false},"excerpt":{"rendered":"<p>The research is conducted in cooperation with five international experts who will serve as an advisory board to be consulted in relation to the milestones of the project. Apart from serving as advisors, their role will be to take part in seminars, give presentations about their own work and provide feedback and support regarding the &hellip; <\/p>\n<p class=\"link-more\"><a href=\"https:\/\/hh.hi.is\/?page_id=15\" class=\"more-link\">Continue reading<span class=\"screen-reader-text\"> &#8220;Foreign collaboration&#8221;<\/span><\/a><\/p>\n","protected":false},"author":2,"featured_media":48,"parent":0,"menu_order":0,"comment_status":"closed","ping_status":"closed","template":"","meta":{"footnotes":""},"_links":{"self":[{"href":"https:\/\/hh.hi.is\/index.php?rest_route=\/wp\/v2\/pages\/15"}],"collection":[{"href":"https:\/\/hh.hi.is\/index.php?rest_route=\/wp\/v2\/pages"}],"about":[{"href":"https:\/\/hh.hi.is\/index.php?rest_route=\/wp\/v2\/types\/page"}],"author":[{"embeddable":true,"href":"https:\/\/hh.hi.is\/index.php?rest_route=\/wp\/v2\/users\/2"}],"replies":[{"embeddable":true,"href":"https:\/\/hh.hi.is\/index.php?rest_route=%2Fwp%2Fv2%2Fcomments&post=15"}],"version-history":[{"count":14,"href":"https:\/\/hh.hi.is\/index.php?rest_route=\/wp\/v2\/pages\/15\/revisions"}],"predecessor-version":[{"id":164,"href":"https:\/\/hh.hi.is\/index.php?rest_route=\/wp\/v2\/pages\/15\/revisions\/164"}],"wp:featuredmedia":[{"embeddable":true,"href":"https:\/\/hh.hi.is\/index.php?rest_route=\/wp\/v2\/media\/48"}],"wp:attachment":[{"href":"https:\/\/hh.hi.is\/index.php?rest_route=%2Fwp%2Fv2%2Fmedia&parent=15"}],"curies":[{"name":"wp","href":"https:\/\/api.w.org\/{rel}","templated":true}]}}