{"id":323,"date":"2022-11-22T09:19:20","date_gmt":"2022-11-22T09:19:20","guid":{"rendered":"https:\/\/hh.hi.is\/?page_id=323"},"modified":"2023-02-14T11:14:33","modified_gmt":"2023-02-14T11:14:33","slug":"utgefnar-greinar-published-articles","status":"publish","type":"page","link":"https:\/\/hh.hi.is\/?page_id=323","title":{"rendered":"Greinar\/s Articles"},"content":{"rendered":"\n<div class=\"wp-block-group\"><div class=\"wp-block-group__inner-container is-layout-constrained wp-block-group-is-layout-constrained\">\n<h2 class=\"wp-block-heading\">T\u00edmarit\/ Journals<\/h2>\n\n\n\n<p>\u00d3l\u00f6f Ger\u00f0ur Sigf\u00fasd\u00f3ttir, &#8220;Curatorial Research as Boundary Work&#8221;, <em>Curator: The Museum Journal, <\/em>64, 3 (2021), 421-438.  DOI: <a href=\"https:\/\/onlinelibrary.wiley.com\/doi\/full\/10.1111\/cura.12417\">h\u00e9r\/here<\/a>.<\/p>\n<\/div><\/div>\n\n\n\n<div class=\"wp-block-group\"><div class=\"wp-block-group__inner-container is-layout-constrained wp-block-group-is-layout-constrained\">\n<h2 class=\"wp-block-heading\">B\u00e6kur\/ Books<\/h2>\n\n\n\n<p>Sigur\u00f0ur Gylfi Magn\u00fasson and Dav\u00ed\u00f0 \u00d3lafsson,&nbsp;\u201cIn the Name of Barefoot Historians: In-Between Spaces within the Icelandic Educational System.\u201c &nbsp;<em>Education Beyond Europe \u2013 Models and Traditions before Modernities<\/em>. Cristiano Casalini, Edward Choi, and Ayenachew Woldegiyorgis eds.&nbsp; (Leiden: Brill, 2021).&nbsp;<\/p>\n\n\n\n<p>Sigur\u00f0ur Gylfi Magn\u00fasson,&nbsp;&nbsp;\u201cAt the Mercy of Emotions. Archives, Egodocuments and Microhistory.\u201c&nbsp;<em>The Routledge Modern History of Emotions<\/em>. Katie Barcley and Peter N. Stearns eds. (London: Routledge, 2022).&nbsp;<\/p>\n\n\n\n<p>Sigur\u00f0ur Gylfi Magn\u00fasson,&nbsp;\u201cMicrohistory.\u201d&nbsp;<em>Routledge Handbook of Research Methods in the Study of Religion<\/em>. Second Editon. Micheal Stausberg and Steven Engler eds. (London: Routledge, 2021).&nbsp;<\/p>\n\n\n\n<p>Sigur\u00f0ur Gylfi Magn\u00fasson,&nbsp;\u201cThe Backside of the Biography: Microhistory as a Research Tool.\u201d&nbsp;<em>Fear of Theory<\/em>. Biography Studies. Hans Renders and David Veltman eds. (Leiden: Brill, 2021).<\/p>\n\n\n\n<p>Sigur\u00f0ur Gylfi Magn\u00fasson,&nbsp;\u201cThe Devil is in the Detail: What is a \u2018Great Historical Question\u2019?\u201d&nbsp;<em>Fear of Theory<\/em>. Biography Studies. Hans Renders and David Veltman eds. (Leiden: Brill, 2021).<\/p>\n\n\n\n<p>Sigur\u00f0ur Gylfi Magn\u00fasson,&nbsp;\u201cThe Icelandic Biography and Egodocuments in Historical Writing.\u201c&nbsp;<em>Different Lives. Global Perspectives on Biography in Public Cultures and Societies<\/em>. Biography Studies. Hans Renders and David Veltman eds., in collaboration with Madelon Nanninga-Franssen (Leiden: Brill, 2020), pp. 165\u2013181.&nbsp;<\/p>\n<\/div><\/div>\n","protected":false},"excerpt":{"rendered":"<p>T\u00edmarit\/ Journals \u00d3l\u00f6f Ger\u00f0ur Sigf\u00fasd\u00f3ttir, &#8220;Curatorial Research as Boundary Work&#8221;, Curator: The Museum Journal, 64, 3 (2021), 421-438. DOI: h\u00e9r\/here. B\u00e6kur\/ Books Sigur\u00f0ur Gylfi Magn\u00fasson and Dav\u00ed\u00f0 \u00d3lafsson,&nbsp;\u201cIn the Name of Barefoot Historians: In-Between Spaces within the Icelandic Educational System.\u201c &nbsp;Education Beyond Europe \u2013 Models and Traditions before Modernities. Cristiano Casalini, Edward Choi, and Ayenachew &hellip; <\/p>\n<p class=\"link-more\"><a href=\"https:\/\/hh.hi.is\/?page_id=323\" class=\"more-link\">Continue reading<span class=\"screen-reader-text\"> &#8220;Greinar\/s Articles&#8221;<\/span><\/a><\/p>\n","protected":false},"author":3,"featured_media":0,"parent":0,"menu_order":0,"comment_status":"closed","ping_status":"closed","template":"","meta":{"footnotes":""},"_links":{"self":[{"href":"https:\/\/hh.hi.is\/index.php?rest_route=\/wp\/v2\/pages\/323"}],"collection":[{"href":"https:\/\/hh.hi.is\/index.php?rest_route=\/wp\/v2\/pages"}],"about":[{"href":"https:\/\/hh.hi.is\/index.php?rest_route=\/wp\/v2\/types\/page"}],"author":[{"embeddable":true,"href":"https:\/\/hh.hi.is\/index.php?rest_route=\/wp\/v2\/users\/3"}],"replies":[{"embeddable":true,"href":"https:\/\/hh.hi.is\/index.php?rest_route=%2Fwp%2Fv2%2Fcomments&post=323"}],"version-history":[{"count":7,"href":"https:\/\/hh.hi.is\/index.php?rest_route=\/wp\/v2\/pages\/323\/revisions"}],"predecessor-version":[{"id":386,"href":"https:\/\/hh.hi.is\/index.php?rest_route=\/wp\/v2\/pages\/323\/revisions\/386"}],"wp:attachment":[{"href":"https:\/\/hh.hi.is\/index.php?rest_route=%2Fwp%2Fv2%2Fmedia&parent=323"}],"curies":[{"name":"wp","href":"https:\/\/api.w.org\/{rel}","templated":true}]}}