{"id":340,"date":"2022-11-22T09:38:06","date_gmt":"2022-11-22T09:38:06","guid":{"rendered":"https:\/\/hh.hi.is\/?page_id=340"},"modified":"2022-11-22T09:41:33","modified_gmt":"2022-11-22T09:41:33","slug":"doktorsritgerdir-phd-dissertations","status":"publish","type":"page","link":"https:\/\/hh.hi.is\/?page_id=340","title":{"rendered":"Doktorsritger\u00f0ir\/ PhD dissertations"},"content":{"rendered":"\n<p><a href=\"https:\/\/hh.hi.is\/?page_id=350\" data-type=\"URL\" data-id=\"https:\/\/hh.hi.is\/?page_id=350\">Anna Hei\u00f0a Baldursd\u00f3ttir<\/a><\/p>\n\n\n\n<p><a href=\"https:\/\/hh.hi.is\/?page_id=342\" data-type=\"URL\" data-id=\"https:\/\/hh.hi.is\/?page_id=342\">Kristj\u00e1n M\u00edmisson<\/a><\/p>\n\n\n\n<p><a href=\"https:\/\/hh.hi.is\/?page_id=343\" data-type=\"URL\" data-id=\"https:\/\/hh.hi.is\/?page_id=343\">\u00d3l\u00f6f Ger\u00f0ur Sigf\u00fassd\u00f3ttir<\/a><\/p>\n","protected":false},"excerpt":{"rendered":"<p>Anna Hei\u00f0a Baldursd\u00f3ttir Kristj\u00e1n M\u00edmisson \u00d3l\u00f6f Ger\u00f0ur Sigf\u00fassd\u00f3ttir<\/p>\n","protected":false},"author":3,"featured_media":0,"parent":0,"menu_order":0,"comment_status":"closed","ping_status":"closed","template":"","meta":{"footnotes":""},"_links":{"self":[{"href":"https:\/\/hh.hi.is\/index.php?rest_route=\/wp\/v2\/pages\/340"}],"collection":[{"href":"https:\/\/hh.hi.is\/index.php?rest_route=\/wp\/v2\/pages"}],"about":[{"href":"https:\/\/hh.hi.is\/index.php?rest_route=\/wp\/v2\/types\/page"}],"author":[{"embeddable":true,"href":"https:\/\/hh.hi.is\/index.php?rest_route=\/wp\/v2\/users\/3"}],"replies":[{"embeddable":true,"href":"https:\/\/hh.hi.is\/index.php?rest_route=%2Fwp%2Fv2%2Fcomments&post=340"}],"version-history":[{"count":3,"href":"https:\/\/hh.hi.is\/index.php?rest_route=\/wp\/v2\/pages\/340\/revisions"}],"predecessor-version":[{"id":355,"href":"https:\/\/hh.hi.is\/index.php?rest_route=\/wp\/v2\/pages\/340\/revisions\/355"}],"wp:attachment":[{"href":"https:\/\/hh.hi.is\/index.php?rest_route=%2Fwp%2Fv2%2Fmedia&parent=340"}],"curies":[{"name":"wp","href":"https:\/\/api.w.org\/{rel}","templated":true}]}}