{"id":342,"date":"2022-11-22T09:38:06","date_gmt":"2022-11-22T09:38:06","guid":{"rendered":"https:\/\/hh.hi.is\/?page_id=342"},"modified":"2022-11-22T09:58:33","modified_gmt":"2022-11-22T09:58:33","slug":"kristjan-mimisson","status":"publish","type":"page","link":"https:\/\/hh.hi.is\/?page_id=342","title":{"rendered":"Kristj\u00e1n M\u00edmisson"},"content":{"rendered":"\n<h2 class=\"wp-block-heading\">6. mars 2020<\/h2>\n\n\n<div class=\"wp-block-image\">\n<figure class=\"alignright size-large is-resized\"><a href=\"https:\/\/hh.hi.is\/wp-content\/uploads\/2018\/05\/kristjan.png\"><img loading=\"lazy\" decoding=\"async\" src=\"https:\/\/hh.hi.is\/wp-content\/uploads\/2018\/05\/kristjan-1024x1015.png\" alt=\"\" class=\"wp-image-156\" width=\"229\" height=\"226\" srcset=\"https:\/\/hh.hi.is\/wp-content\/uploads\/2018\/05\/kristjan-1024x1015.png 1024w, https:\/\/hh.hi.is\/wp-content\/uploads\/2018\/05\/kristjan-300x297.png 300w, https:\/\/hh.hi.is\/wp-content\/uploads\/2018\/05\/kristjan-768x762.png 768w, https:\/\/hh.hi.is\/wp-content\/uploads\/2018\/05\/kristjan-100x100.png 100w, https:\/\/hh.hi.is\/wp-content\/uploads\/2018\/05\/kristjan.png 1679w\" sizes=\"auto, (max-width: 229px) 100vw, 229px\" \/><\/a><\/figure>\n<\/div>\n\n\n<p>F\u00f6studaginn 6. mars 2020 f\u00f3r fram doktorsv\u00f6rn Kristj\u00e1ns M\u00edmissonar vi\u00f0 Sagnfr\u00e6\u00f0i- og heimspekideild H\u00e1sk\u00f3la \u00cdslands. \u00de\u00e1 var\u00f0i Kristj\u00e1n M\u00edmisson doktorsritger\u00f0 s\u00edna \u00ed fornleifafr\u00e6\u00f0i sem nefnist <a href=\"https:\/\/opinvisindi.is\/bitstream\/handle\/20.500.11815\/1501\/A%20Life%20in%20Stones_Kristj%C3%A1n%20M%C3%ADmisson%20%282%29.pdf?sequence=3&amp;isAllowed=y\" data-type=\"URL\" data-id=\"https:\/\/opinvisindi.is\/bitstream\/handle\/20.500.11815\/1501\/A%20Life%20in%20Stones_Kristj%C3%A1n%20M%C3%ADmisson%20%282%29.pdf?sequence=3&amp;isAllowed=y\" target=\"_blank\" rel=\"noreferrer noopener\">A&nbsp;Life in Stones. The Material Biography of a 17th Century Peasant from the Southern Highlands of Iceland.<\/a> V\u00f6rnin f\u00f3r fram \u00ed H\u00e1t\u00ed\u00f0asal \u00ed A\u00f0albyggingu H\u00e1sk\u00f3la \u00cdslands <\/p>\n\n\n\n<p>Andm\u00e6lendur vi\u00f0 v\u00f6rnina voru dr. Vesa-Pekka Herva, pr\u00f3fessor vi\u00f0 H\u00e1sk\u00f3lann \u00ed Oulo, og dr. Laurie Wilkie, pr\u00f3fessor vi\u00f0 Kaliforn\u00eduh\u00e1sk\u00f3la, Berkeley.<\/p>\n\n\n\n<p>Doktorsritger\u00f0in var unnin undir lei\u00f0s\u00f6gn dr. Gavins Lucas, pr\u00f3fessors \u00ed fornleifafr\u00e6\u00f0i vi\u00f0 H\u00e1sk\u00f3la \u00cdslands. A\u00f0rir \u00ed doktorsnefnd voru dr. Steinunn Kristj\u00e1nsd\u00f3ttir, pr\u00f3fessor \u00ed fornleifafr\u00e6\u00f0i, og dr. Sigur\u00f0ur Gylfi Magn\u00fasson, pr\u00f3fessor \u00ed sagnfr\u00e6\u00f0i vi\u00f0 H\u00e1sk\u00f3la \u00cdslands.<\/p>\n\n\n\n<h2 class=\"wp-block-heading\">Um doktorsritger\u00f0ina<\/h2>\n\n\n\n<p>Ranns\u00f3knin byggir \u00e1 uppgrefti \u00e1 kotb\u00fdlinu B\u00fa\u00f0ar\u00e1rbakka \u00ed Hrunamannahreppi \u00fear sem ma\u00f0ur a\u00f0 nafni \u00deorkell bj\u00f3 \u00e1 s\u00ed\u00f0ari hluta 17. aldar. B\u00e6jarr\u00fastin og s\u00e9rstakt gripasafn veita \u00e1hugaver\u00f0a s\u00fdn \u00e1 \u00e6vibrot kotb\u00f3ndans. Pers\u00f3nu og vitund \u00deorkels var ekki a\u00f0eins st\u00fdrt af mannlegu hugviti og fyrir\u00e6tlan heldur l\u00edka af efnislegum hlutum og eiginleikum \u00feeirra. Steinar ur\u00f0u \u00feannig e\u00f0lisl\u00e6gur \u00fe\u00e1ttur vitundar \u00deorkels svo \u00far var\u00f0 samsett pers\u00f3na mannlegra og hlutlegra \u00fe\u00e1tta. Samband \u00deorkels \u00e1 B\u00fa\u00f0ar\u00e1rbakki vi\u00f0 steinana veitti honum l\u00edf \u00e1 sama h\u00e1tt og steinarnir, \u00ed gegnum samb\u00f6nd s\u00edn vi\u00f0 mennskuna, \u00f6\u00f0lu\u00f0ust l\u00edf.<br><br><\/p>\n","protected":false},"excerpt":{"rendered":"<p>6. mars 2020 F\u00f6studaginn 6. mars 2020 f\u00f3r fram doktorsv\u00f6rn Kristj\u00e1ns M\u00edmissonar vi\u00f0 Sagnfr\u00e6\u00f0i- og heimspekideild H\u00e1sk\u00f3la \u00cdslands. \u00de\u00e1 var\u00f0i Kristj\u00e1n M\u00edmisson doktorsritger\u00f0 s\u00edna \u00ed fornleifafr\u00e6\u00f0i sem nefnist A&nbsp;Life in Stones. The Material Biography of a 17th Century Peasant from the Southern Highlands of Iceland. V\u00f6rnin f\u00f3r fram \u00ed H\u00e1t\u00ed\u00f0asal \u00ed A\u00f0albyggingu H\u00e1sk\u00f3la \u00cdslands Andm\u00e6lendur &hellip; <\/p>\n<p class=\"link-more\"><a href=\"https:\/\/hh.hi.is\/?page_id=342\" class=\"more-link\">Continue reading<span class=\"screen-reader-text\"> &#8220;Kristj\u00e1n M\u00edmisson&#8221;<\/span><\/a><\/p>\n","protected":false},"author":3,"featured_media":0,"parent":0,"menu_order":0,"comment_status":"closed","ping_status":"closed","template":"","meta":{"footnotes":""},"class_list":["post-342","page","type-page","status-publish","hentry"],"_links":{"self":[{"href":"https:\/\/hh.hi.is\/index.php?rest_route=\/wp\/v2\/pages\/342","targetHints":{"allow":["GET"]}}],"collection":[{"href":"https:\/\/hh.hi.is\/index.php?rest_route=\/wp\/v2\/pages"}],"about":[{"href":"https:\/\/hh.hi.is\/index.php?rest_route=\/wp\/v2\/types\/page"}],"author":[{"embeddable":true,"href":"https:\/\/hh.hi.is\/index.php?rest_route=\/wp\/v2\/users\/3"}],"replies":[{"embeddable":true,"href":"https:\/\/hh.hi.is\/index.php?rest_route=%2Fwp%2Fv2%2Fcomments&post=342"}],"version-history":[{"count":4,"href":"https:\/\/hh.hi.is\/index.php?rest_route=\/wp\/v2\/pages\/342\/revisions"}],"predecessor-version":[{"id":363,"href":"https:\/\/hh.hi.is\/index.php?rest_route=\/wp\/v2\/pages\/342\/revisions\/363"}],"wp:attachment":[{"href":"https:\/\/hh.hi.is\/index.php?rest_route=%2Fwp%2Fv2%2Fmedia&parent=342"}],"curies":[{"name":"wp","href":"https:\/\/api.w.org\/{rel}","templated":true}]}}