{"id":343,"date":"2022-11-22T09:38:06","date_gmt":"2022-11-22T09:38:06","guid":{"rendered":"https:\/\/hh.hi.is\/?page_id=343"},"modified":"2022-11-22T09:58:37","modified_gmt":"2022-11-22T09:58:37","slug":"olof-gerdur-sigfussdottir","status":"publish","type":"page","link":"https:\/\/hh.hi.is\/?page_id=343","title":{"rendered":"\u00d3l\u00f6f Ger\u00f0ur Sigf\u00fassd\u00f3ttir"},"content":{"rendered":"\n<h2 class=\"wp-block-heading\">14. okt\u00f3ber 2022<\/h2>\n\n\n<div class=\"wp-block-image\">\n<figure class=\"alignleft size-large is-resized\"><a href=\"https:\/\/hh.hi.is\/wp-content\/uploads\/2019\/07\/O\u0301lo\u0308f_Ger\u00f0ur_Sigfu\u0301sdo\u0301ttir.png\"><img loading=\"lazy\" decoding=\"async\" src=\"https:\/\/hh.hi.is\/wp-content\/uploads\/2019\/07\/O\u0301lo\u0308f_Ger\u00f0ur_Sigfu\u0301sdo\u0301ttir-1024x1008.png\" alt=\"\" class=\"wp-image-241\" width=\"273\" height=\"269\" srcset=\"https:\/\/hh.hi.is\/wp-content\/uploads\/2019\/07\/O\u0301lo\u0308f_Ger\u00f0ur_Sigfu\u0301sdo\u0301ttir-1024x1008.png 1024w, https:\/\/hh.hi.is\/wp-content\/uploads\/2019\/07\/O\u0301lo\u0308f_Ger\u00f0ur_Sigfu\u0301sdo\u0301ttir-300x295.png 300w, https:\/\/hh.hi.is\/wp-content\/uploads\/2019\/07\/O\u0301lo\u0308f_Ger\u00f0ur_Sigfu\u0301sdo\u0301ttir-768x756.png 768w, https:\/\/hh.hi.is\/wp-content\/uploads\/2019\/07\/O\u0301lo\u0308f_Ger\u00f0ur_Sigfu\u0301sdo\u0301ttir-100x100.png 100w\" sizes=\"(max-width: 273px) 100vw, 273px\" \/><\/a><\/figure><\/div>\n\n\n<p>F\u00f6studaginn 14. okt\u00f3ber var\u00f0i \u00d3l\u00f6f Ger\u00f0ur Sigf\u00fasd\u00f3ttir doktorsritger\u00f0 s\u00edna S\u00f6fn sem ranns\u00f3knastofnanir: \u00e1skoranir og t\u00e6kif\u00e6ri (Museum-Based Research: Museological, Institutional, Curatorial and Epistemological Challenges). V\u00f6rnin f\u00f3r fram \u00ed H\u00e1t\u00ed\u00f0asal H\u00e1sk\u00f3la \u00cdslands.<\/p>\n\n\n\n<p>Lei\u00f0beinandi var dr. Sigurj\u00f3n Baldur Hafsteinsson, pr\u00f3fessor vi\u00f0 H\u00e1sk\u00f3la \u00cdslands. A\u00f0rir \u00ed doktorsnefnd voru dr. Peter Bjerregaard, s\u00fdningastj\u00f3ri vi\u00f0 Danska t\u00e6kniminjasafni\u00f0 \u00ed Kaupmannah\u00f6fn, og dr. \u00de\u00f3ra P\u00e9tursd\u00f3ttir, d\u00f3sent vi\u00f0 Osl\u00f3arh\u00e1sk\u00f3la.<\/p>\n\n\n\n<p>Andm\u00e6lendur voru dr. Mattias B\u00e4ckstr\u00f6m, d\u00f3sent vi\u00f0 Norska v\u00edsinda- og t\u00e6knih\u00e1sk\u00f3lann \u00ed \u00der\u00e1ndheimi, og dr. Carolina Rito, pr\u00f3fessor vi\u00f0 Coventry h\u00e1sk\u00f3la \u00ed Bretlandi.<\/p>\n\n\n\n<h2 class=\"wp-block-heading\">Um doktorsritger\u00f0ina<\/h2>\n\n\n\n<p>Doktorsritger\u00f0 \u00d3lafar Ger\u00f0ar beinir sj\u00f3num a\u00f0 ranns\u00f3knahlutverki opinberra safna, en ranns\u00f3knastarf safna er gjarnan huli\u00f0 safngestum og fellur oft \u00ed skuggann af \u00f6\u00f0rum starfs\u00fe\u00e1ttum eins og s\u00f6fnun, skr\u00e1ningu, var\u00f0veislu, mi\u00f0lun og fr\u00e6\u00f0slu. \u00deannig mi\u00f0ar verkefni\u00f0 a\u00f0 \u00fev\u00ed a\u00f0 draga fram ranns\u00f3knir sem einn af grunn\u00fe\u00e1ttum faglegs safnastarfs og skapa gagnr\u00fdna umr\u00e6\u00f0u um hva\u00f0 felst \u00ed \u00fev\u00ed a\u00f0 stunda ranns\u00f3knir \u00e1 safni. Samkv\u00e6mt al\u00fej\u00f3\u00f0asamf\u00e9laginu eru ranns\u00f3knir hluti af \u00feeim formlegu vi\u00f0mi\u00f0um sem eru ger\u00f0 til safna um faglegt starf, og h\u00e9r \u00e1 landi eru ranns\u00f3knir hluti af skilyr\u00f0um fyrir \u00fev\u00ed a\u00f0 safn hlj\u00f3ti opinbera vi\u00f0urkenningu r\u00e1\u00f0uneytis. En eins og verkefni\u00f0 hefur leitt \u00ed lj\u00f3st eru ranns\u00f3knir \u00f3lj\u00f3sasti starfs\u00fe\u00e1tturinn og jafnframt s\u00e1 sem flest s\u00f6fn eiga \u00ed hva\u00f0 mestum erfi\u00f0leikum me\u00f0 a\u00f0 uppfylla. M\u00f6rg s\u00f6fn, hvort sem er h\u00e9r \u00e1 landi e\u00f0a erlendis, segjast \u00f3f\u00e6r um a\u00f0 sinna \u00feessum grunn\u00fe\u00e6tti vegna skorts \u00e1 starfsm\u00f6nnum, t\u00edma og fj\u00e1rmagni, me\u00f0an \u00f6nnur l\u00edta \u00e1 ranns\u00f3knir sem innbygg\u00f0an hluta af \u00f6llu \u00fev\u00ed daglega starfi sem fer fram \u00e1 s\u00f6fnum. \u00deessi tv\u00f6 andst\u00e6\u00f0u sj\u00f3narmi\u00f0 skapa andr\u00famsloft \u00f3vissu kringum ranns\u00f3knastarf safna, sem aftur \u00e1 m\u00f3ti lei\u00f0ir til \u00f3r\u00e6\u00f0ni um hva\u00f0 telst til ranns\u00f3kna \u00e1 s\u00f6fnum og hva\u00f0 ekki.<\/p>\n\n\n\n<p>Dokstorsritger\u00f0in varpar lj\u00f3si \u00e1 \u00feessa \u00f3r\u00e6\u00f0ni me\u00f0 \u00fev\u00ed a\u00f0 kanna hvernig \u00feekking er sk\u00f6pu\u00f0 og henni mi\u00f0la\u00f0 \u00e1 s\u00f6fnum. Ritger\u00f0in er bygg\u00f0 \u00e1 fj\u00f3rum ritr\u00fdndum t\u00edmaritsgreinum sem samanlagt m\u00f3ta mynd af safnaranns\u00f3knum gegnum fj\u00f6gur sj\u00f3narhorn: hi\u00f0 safnafr\u00e6\u00f0ilega, hi\u00f0 stofnanalega, hi\u00f0 s\u00fdningarstj\u00f3rnunarlega og hi\u00f0 \u00feekkingarfr\u00e6\u00f0ilega. Hvert sj\u00f3narhorn tekst \u00e1 vi\u00f0 tilteknar ranns\u00f3knarspurningar og notast vi\u00f0 fj\u00f6lbreyttar heimildir, g\u00f6gn og a\u00f0fer\u00f0afr\u00e6\u00f0ilega n\u00e1lgun, \u00fear \u00e1 me\u00f0al tv\u00e6r tilviksranns\u00f3knir sem unnar voru \u00e1 \u00cdslandi. Kenningaramminn er s\u00f3ttur \u00far safnafr\u00e6\u00f0i, s\u00fdningarstj\u00f3rnunarfr\u00e6\u00f0um, listranns\u00f3knum og a\u00f0 einhverju leyti \u00far mannfr\u00e6\u00f0i. Mi\u00f0l\u00e6gt \u00ed gegnum verkefni\u00f0&nbsp; er hugtaki\u00f0 \u201eranns\u00f3kn\u201c eins og \u00fea\u00f0 birtist \u00e1 h\u00e1sk\u00f3lasvi\u00f0inu annarsvegar og hinsvegar \u00e1 safnasvi\u00f0inu, og \u00fev\u00ed l\u00fdst hvernig \u00fea\u00f0 fer\u00f0ast \u00e1 milli \u00feessara tveggja svi\u00f0a. \u00dev\u00ed m\u00e1 segja a\u00f0 verkefni\u00f0 s\u00e9 ranns\u00f3knap\u00f3lit\u00edskt \u00ed grunninn, en eitt af markmi\u00f0um \u00feess er a\u00f0 v\u00edkka \u00fat hugmyndina um safnaranns\u00f3knir (e. museum-based research). \u00de\u00e1 eru \u00feekkingarfr\u00e6\u00f0ileg einkenni safnaranns\u00f3kna reifu\u00f0 \u00ed \u00fev\u00ed markmi\u00f0i\u00f0 a\u00f0 sk\u00fdra framlag \u00feeirra til \u00feekkingarsk\u00f6punar, og \u00fev\u00ed haldi\u00f0 fram a\u00f0 einkennin s\u00e9u einst\u00f6k me\u00f0al annarra fr\u00e6\u00f0asvi\u00f0a.<\/p>\n\n\n\n<p>Verkefni\u00f0 s\u00fdnir fram \u00e1 a\u00f0 \u00fer\u00e1tt fyrir allar \u00fe\u00e6r \u00e1skoranir sem felast \u00ed ranns\u00f3knahlutverki safna, \u00fe\u00e1 eru safnaranns\u00f3knir svi\u00f0 fj\u00f6lmargra t\u00e6kif\u00e6ra. Me\u00f0 \u00fev\u00ed a\u00f0 horfa \u00e1 \u00fe\u00e6r \u00f3l\u00edku tegundir ranns\u00f3kna sem stunda\u00f0ar eru \u00e1 s\u00f6fnum eru f\u00e6r\u00f0 r\u00f6k fyrir nau\u00f0syn \u00feess a\u00f0 v\u00edkka \u00fat vi\u00f0teknar hugmyndir um hva\u00f0 felst \u00ed ranns\u00f3kn og skapa r\u00fdmi fyrir a\u00f0rar tegundir ranns\u00f3kna en eing\u00f6ngu hi\u00f0 hefbundna akadem\u00edska, e\u00f0a v\u00edsindalega, ranns\u00f3knaform.<\/p>\n","protected":false},"excerpt":{"rendered":"<p>14. okt\u00f3ber 2022 F\u00f6studaginn 14. okt\u00f3ber var\u00f0i \u00d3l\u00f6f Ger\u00f0ur Sigf\u00fasd\u00f3ttir doktorsritger\u00f0 s\u00edna S\u00f6fn sem ranns\u00f3knastofnanir: \u00e1skoranir og t\u00e6kif\u00e6ri (Museum-Based Research: Museological, Institutional, Curatorial and Epistemological Challenges). V\u00f6rnin f\u00f3r fram \u00ed H\u00e1t\u00ed\u00f0asal H\u00e1sk\u00f3la \u00cdslands. Lei\u00f0beinandi var dr. Sigurj\u00f3n Baldur Hafsteinsson, pr\u00f3fessor vi\u00f0 H\u00e1sk\u00f3la \u00cdslands. A\u00f0rir \u00ed doktorsnefnd voru dr. Peter Bjerregaard, s\u00fdningastj\u00f3ri vi\u00f0 Danska t\u00e6kniminjasafni\u00f0 \u00ed &hellip; <\/p>\n<p class=\"link-more\"><a href=\"https:\/\/hh.hi.is\/?page_id=343\" class=\"more-link\">Continue reading<span class=\"screen-reader-text\"> &#8220;\u00d3l\u00f6f Ger\u00f0ur Sigf\u00fassd\u00f3ttir&#8221;<\/span><\/a><\/p>\n","protected":false},"author":3,"featured_media":0,"parent":0,"menu_order":0,"comment_status":"closed","ping_status":"closed","template":"","meta":{"footnotes":""},"_links":{"self":[{"href":"https:\/\/hh.hi.is\/index.php?rest_route=\/wp\/v2\/pages\/343"}],"collection":[{"href":"https:\/\/hh.hi.is\/index.php?rest_route=\/wp\/v2\/pages"}],"about":[{"href":"https:\/\/hh.hi.is\/index.php?rest_route=\/wp\/v2\/types\/page"}],"author":[{"embeddable":true,"href":"https:\/\/hh.hi.is\/index.php?rest_route=\/wp\/v2\/users\/3"}],"replies":[{"embeddable":true,"href":"https:\/\/hh.hi.is\/index.php?rest_route=%2Fwp%2Fv2%2Fcomments&post=343"}],"version-history":[{"count":3,"href":"https:\/\/hh.hi.is\/index.php?rest_route=\/wp\/v2\/pages\/343\/revisions"}],"predecessor-version":[{"id":364,"href":"https:\/\/hh.hi.is\/index.php?rest_route=\/wp\/v2\/pages\/343\/revisions\/364"}],"wp:attachment":[{"href":"https:\/\/hh.hi.is\/index.php?rest_route=%2Fwp%2Fv2%2Fmedia&parent=343"}],"curies":[{"name":"wp","href":"https:\/\/api.w.org\/{rel}","templated":true}]}}