{"id":350,"date":"2022-11-22T09:39:36","date_gmt":"2022-11-22T09:39:36","guid":{"rendered":"https:\/\/hh.hi.is\/?page_id=350"},"modified":"2023-02-14T11:04:35","modified_gmt":"2023-02-14T11:04:35","slug":"anna-heida-baldursdottir","status":"publish","type":"page","link":"https:\/\/hh.hi.is\/?page_id=350","title":{"rendered":"Anna Hei\u00f0a Baldursd\u00f3ttir"},"content":{"rendered":"<div class=\"wp-block-image\">\n<figure class=\"alignright size-large is-resized\"><a href=\"https:\/\/hh.hi.is\/wp-content\/uploads\/2020\/02\/KRI_hug_anna_heida_90905_001.png\"><img loading=\"lazy\" decoding=\"async\" src=\"https:\/\/hh.hi.is\/wp-content\/uploads\/2020\/02\/KRI_hug_anna_heida_90905_001-998x1024.png\" alt=\"\" class=\"wp-image-260\" width=\"192\" height=\"197\" srcset=\"https:\/\/hh.hi.is\/wp-content\/uploads\/2020\/02\/KRI_hug_anna_heida_90905_001-998x1024.png 998w, https:\/\/hh.hi.is\/wp-content\/uploads\/2020\/02\/KRI_hug_anna_heida_90905_001-292x300.png 292w, https:\/\/hh.hi.is\/wp-content\/uploads\/2020\/02\/KRI_hug_anna_heida_90905_001-768x788.png 768w, https:\/\/hh.hi.is\/wp-content\/uploads\/2020\/02\/KRI_hug_anna_heida_90905_001-1497x1536.png 1497w, https:\/\/hh.hi.is\/wp-content\/uploads\/2020\/02\/KRI_hug_anna_heida_90905_001-1996x2048.png 1996w\" sizes=\"(max-width: 192px) 100vw, 192px\" \/><\/a><figcaption class=\"wp-element-caption\">Anna Hei\u00f0a Baldursd\u00f3ttir<\/figcaption><\/figure><\/div>\n\n\n<p>\u00deri\u00f0judaginn 7. febr\u00faar 2023 f\u00f3r fram doktorsv\u00f6rn vi\u00f0 Deild heimspeki, sagnfr\u00e6\u00f0i og fornleifafr\u00e6\u00f0i H\u00e1sk\u00f3la \u00cdslands. \u00de\u00e1 var\u00f0i Anna Hei\u00f0a Baldursd\u00f3ttir doktorsritger\u00f0 s\u00edna \u00ed sagnfr\u00e6\u00f0i, Hlutir \u00far fort\u00ed\u00f0: Eigur f\u00f3lks og safngripir fr\u00e1 19. \u00f6ld. V\u00f6rnin f\u00f3r fram \u00ed H\u00e1t\u00ed\u00f0asal \u00ed A\u00f0albyggingu H\u00e1sk\u00f3la \u00cdslands.<\/p>\n\n\n\n<p>Andm\u00e6lendur vi\u00f0 v\u00f6rnina voru dr. \u00c1g\u00fasta Edwald Maxwell, n\u00fddoktor vi\u00f0 H\u00cd, og dr. Christina Folke Ax, s\u00e9rfr\u00e6\u00f0ingur vi\u00f0 Nationalmuseet \u00ed Kaupmannah\u00f6fn.<\/p>\n\n\n\n<p><strong>Um ranns\u00f3knina<\/strong><\/p>\n\n\n\n<p>Vi\u00f0fangsefni doktorsritger\u00f0arinnar er a\u00f0 draga fram heimildas\u00f6fn (e. archives) og greina \u00fe\u00e1 efnismenningu (e. material culture) sem \u00feau b\u00faa yfir. Markmi\u00f0 ranns\u00f3knarinnar er a\u00f0 draga fram hversdagsl\u00edf al\u00fe\u00fd\u00f0unnar \u00e1 19. \u00f6ld me\u00f0 ranns\u00f3kn \u00e1 efnismenningu d\u00e1narb\u00fasuppskrifta sem og safnkosts \u00dej\u00f3\u00f0minjasafns \u00cdslands fr\u00e1 sama t\u00edma. V\u00edsindalegt gildi ranns\u00f3knarinnar er ekki a\u00f0eins f\u00f3lgi\u00f0 \u00ed notkun \u00e1 n\u00fdjum heimildum heldur er a\u00f0fer\u00f0in n\u00fdst\u00e1rleg a\u00f0 \u00fev\u00ed leyti a\u00f0 h\u00fan mi\u00f0ar a\u00f0 \u00fev\u00ed a\u00f0 greina hlutina \u00fat fr\u00e1 m\u00f6rgum sj\u00f3narhornum. Fram a\u00f0 \u00feessu hefur sagnfr\u00e6\u00f0in n\u00e1lgast vi\u00f0fangsefni sitt \u00fat fr\u00e1 afst\u00f6\u00f0u mannanna og l\u00edti\u00f0 skeytt um efnisheiminn sem hefur veigamikil \u00e1hrif \u00e1 daglega framg\u00f6ngu f\u00f3lks. N\u00fdlunda verkefnisins er \u00fev\u00ed f\u00f3lgin \u00ed \u00fev\u00ed a\u00f0 efnismenning e\u00f0a hlutir eru notu\u00f0 sem mikilv\u00e6gt greiningart\u00e6ki \u00e1 fort\u00ed\u00f0ina.<\/p>\n","protected":false},"excerpt":{"rendered":"<p>\u00deri\u00f0judaginn 7. febr\u00faar 2023 f\u00f3r fram doktorsv\u00f6rn vi\u00f0 Deild heimspeki, sagnfr\u00e6\u00f0i og fornleifafr\u00e6\u00f0i H\u00e1sk\u00f3la \u00cdslands. \u00de\u00e1 var\u00f0i Anna Hei\u00f0a Baldursd\u00f3ttir doktorsritger\u00f0 s\u00edna \u00ed sagnfr\u00e6\u00f0i, Hlutir \u00far fort\u00ed\u00f0: Eigur f\u00f3lks og safngripir fr\u00e1 19. \u00f6ld. V\u00f6rnin f\u00f3r fram \u00ed H\u00e1t\u00ed\u00f0asal \u00ed A\u00f0albyggingu H\u00e1sk\u00f3la \u00cdslands. Andm\u00e6lendur vi\u00f0 v\u00f6rnina voru dr. \u00c1g\u00fasta Edwald Maxwell, n\u00fddoktor vi\u00f0 H\u00cd, og &hellip; <\/p>\n<p class=\"link-more\"><a href=\"https:\/\/hh.hi.is\/?page_id=350\" class=\"more-link\">Continue reading<span class=\"screen-reader-text\"> &#8220;Anna Hei\u00f0a Baldursd\u00f3ttir&#8221;<\/span><\/a><\/p>\n","protected":false},"author":3,"featured_media":0,"parent":0,"menu_order":0,"comment_status":"closed","ping_status":"closed","template":"","meta":{"footnotes":""},"_links":{"self":[{"href":"https:\/\/hh.hi.is\/index.php?rest_route=\/wp\/v2\/pages\/350"}],"collection":[{"href":"https:\/\/hh.hi.is\/index.php?rest_route=\/wp\/v2\/pages"}],"about":[{"href":"https:\/\/hh.hi.is\/index.php?rest_route=\/wp\/v2\/types\/page"}],"author":[{"embeddable":true,"href":"https:\/\/hh.hi.is\/index.php?rest_route=\/wp\/v2\/users\/3"}],"replies":[{"embeddable":true,"href":"https:\/\/hh.hi.is\/index.php?rest_route=%2Fwp%2Fv2%2Fcomments&post=350"}],"version-history":[{"count":6,"href":"https:\/\/hh.hi.is\/index.php?rest_route=\/wp\/v2\/pages\/350\/revisions"}],"predecessor-version":[{"id":383,"href":"https:\/\/hh.hi.is\/index.php?rest_route=\/wp\/v2\/pages\/350\/revisions\/383"}],"wp:attachment":[{"href":"https:\/\/hh.hi.is\/index.php?rest_route=%2Fwp%2Fv2%2Fmedia&parent=350"}],"curies":[{"name":"wp","href":"https:\/\/api.w.org\/{rel}","templated":true}]}}