{"id":422,"date":"2023-09-08T11:22:21","date_gmt":"2023-09-08T11:22:21","guid":{"rendered":"https:\/\/hh.hi.is\/?page_id=422"},"modified":"2023-09-14T14:07:35","modified_gmt":"2023-09-14T14:07:35","slug":"fyrirlestar-lectures-video","status":"publish","type":"page","link":"https:\/\/hh.hi.is\/?page_id=422","title":{"rendered":"Fyrirlestrar\u00f6\u00f0 HH\/lecture series (vide\u00f3)"},"content":{"rendered":"\n<h2 class=\"wp-block-heading\">Fyrirlestrar\u00f6\u00f0 vegna s\u00fdningarinnar Heimsins hnoss \u00ed \u00dej\u00f3\u00f0minjasafni \u00cdslands<\/h2>\n\n\n\n<p>\u00deri\u00f0judaginn 15. n\u00f3vember 2022 flutti M\u00e1r J\u00f3nsson, pr\u00f3fessor \u00ed sagnfr\u00e6\u00f0i vi\u00f0 H\u00e1sk\u00f3la \u00cdslands fyrsta h\u00e1degiserindi\u00f0 \u00ed fyrirlestrarsal \u00dej\u00f3\u00f0minjasafnsins, \u00fear fjalla\u00f0i hann um d\u00e1narb\u00fasuppskriftirnar.<\/p>\n\n\n\n<figure class=\"wp-block-embed aligncenter is-type-video is-provider-youtube wp-block-embed-youtube wp-embed-aspect-16-9 wp-has-aspect-ratio\"><div class=\"wp-block-embed__wrapper\">\n<iframe loading=\"lazy\" title=\"D\u00e1narb\u00fa fr\u00e1 19. \u00f6ld: hva\u00f0 var skr\u00e1\u00f0 og hva\u00f0 ekki?\" width=\"525\" height=\"295\" src=\"https:\/\/www.youtube.com\/embed\/mlrXnpiz-So?feature=oembed\" frameborder=\"0\" allow=\"accelerometer; autoplay; clipboard-write; encrypted-media; gyroscope; picture-in-picture; web-share\" referrerpolicy=\"strict-origin-when-cross-origin\" allowfullscreen><\/iframe>\n<\/div><\/figure>\n\n\n\n<hr class=\"wp-block-separator has-alpha-channel-opacity\"\/>\n\n\n\n<div style=\"height:100px\" aria-hidden=\"true\" class=\"wp-block-spacer\"><\/div>\n\n\n\n<p>Dav\u00ed\u00f0 \u00d3lafsson sagnfr\u00e6\u00f0ingur og lektor \u00ed menningarfr\u00e6\u00f0i vi\u00f0 H\u00e1sk\u00f3la \u00cdslands var me\u00f0 erindi \u00ed \u00dej\u00f3\u00f0minjasafninu \u00feri\u00f0judaginn 29. n\u00f3vember 2022. \u00dear fjalla\u00f0i hann um \u00fe\u00e1 efnislegu hluti sem tilheyr\u00f0u b\u00f3klegri i\u00f0kun \u00e1 19. \u00f6ld \u00e1 \u00cdslandi.<\/p>\n\n\n\n<figure class=\"wp-block-embed is-type-video is-provider-youtube wp-block-embed-youtube wp-embed-aspect-16-9 wp-has-aspect-ratio\"><div class=\"wp-block-embed__wrapper\">\n<iframe loading=\"lazy\" title=\"Birta, blek og brillur. Efnismenning lesturs og skriftar \u00e1 19. \u00d6ld.\" width=\"525\" height=\"295\" src=\"https:\/\/www.youtube.com\/embed\/0AxvfFAOLu8?feature=oembed\" frameborder=\"0\" allow=\"accelerometer; autoplay; clipboard-write; encrypted-media; gyroscope; picture-in-picture; web-share\" referrerpolicy=\"strict-origin-when-cross-origin\" allowfullscreen><\/iframe>\n<\/div><\/figure>\n\n\n\n<hr class=\"wp-block-separator has-alpha-channel-opacity\"\/>\n\n\n\n<div style=\"height:100px\" aria-hidden=\"true\" class=\"wp-block-spacer\"><\/div>\n\n\n\n<p>\u00deri\u00f0judaginn 31. jan\u00faar 2023 flutti Gu\u00f0r\u00fan Hildur Rosenkj\u00e6r kj\u00f3la- og kl\u00e6\u00f0skerameistari, sagnfr\u00e6\u00f0ingur, erindi \u00ed fyrirlestrarsal \u00dej\u00f3\u00f0minjasafns \u00cdslands. Gu\u00f0r\u00fan Hildur fjalla\u00f0i um nau\u00f0syn \u00feess a\u00f0 rannsaka heimildir um prj\u00f3n me\u00f0 \u00f6llum \u00feeim a\u00f0fer\u00f0um sem \u00fe\u00e6r krefjast. \u00dear me\u00f0 tali\u00f0 sko\u00f0un \u00e1 fj\u00f6lbreyttum heimildum, ritu\u00f0um heimildum og var\u00f0veittum munum. A\u00f0fer\u00f0ir Gu\u00f0r\u00fanar Hildar m\u00e6tti kalla \u201etilraunasagnfr\u00e6\u00f0i\u201c sem v\u00edsar til \u00feekktrar a\u00f0fer\u00f0afr\u00e6\u00f0i, tilraunafornleifafr\u00e6\u00f0i.<\/p>\n\n\n\n<figure class=\"wp-block-embed is-type-video is-provider-youtube wp-block-embed-youtube wp-embed-aspect-16-9 wp-has-aspect-ratio\"><div class=\"wp-block-embed__wrapper\">\n<iframe loading=\"lazy\" title=\"Prj\u00f3na\u00f0ar gersemar \u00e1 18. og 19. \u00f6ld\" width=\"525\" height=\"295\" src=\"https:\/\/www.youtube.com\/embed\/_H0KdJ7Cj-4?feature=oembed\" frameborder=\"0\" allow=\"accelerometer; autoplay; clipboard-write; encrypted-media; gyroscope; picture-in-picture; web-share\" referrerpolicy=\"strict-origin-when-cross-origin\" allowfullscreen><\/iframe>\n<\/div><\/figure>\n\n\n\n<hr class=\"wp-block-separator has-alpha-channel-opacity\"\/>\n\n\n\n<div style=\"height:100px\" aria-hidden=\"true\" class=\"wp-block-spacer\"><\/div>\n\n\n\n<p>Hinn 7. mars 2023 flutti Anna L\u00edsa R\u00fanarsd\u00f3ttir, doktor \u00ed mannfr\u00e6\u00f0i erindi um \u00fe\u00e1 or\u00f0r\u00e6\u00f0u sem s\u00f6fnunarstefna Matth\u00edasar \u00de\u00f3r\u00f0arsonar stu\u00f0la\u00f0i a\u00f0 og samf\u00e9lagslegt samhengi hennar.<\/p>\n\n\n\n<figure class=\"wp-block-embed is-type-video is-provider-youtube wp-block-embed-youtube wp-embed-aspect-16-9 wp-has-aspect-ratio\"><div class=\"wp-block-embed__wrapper\">\n<iframe loading=\"lazy\" title=\"\u00dej\u00f3\u00f0arhnoss? S\u00f6gur af sk\u00fafh\u00f3lkum, br\u00fdnum og sn\u00e6ldusn\u00fa\u00f0um\" width=\"525\" height=\"295\" src=\"https:\/\/www.youtube.com\/embed\/WHPd4tPpXGg?feature=oembed\" frameborder=\"0\" allow=\"accelerometer; autoplay; clipboard-write; encrypted-media; gyroscope; picture-in-picture; web-share\" referrerpolicy=\"strict-origin-when-cross-origin\" allowfullscreen><\/iframe>\n<\/div><\/figure>\n\n\n\n<hr class=\"wp-block-separator has-alpha-channel-opacity\"\/>\n\n\n\n<div style=\"height:100px\" aria-hidden=\"true\" class=\"wp-block-spacer\"><\/div>\n\n\n\n<p>Hinn 28. mars 2023 flutti Anna Hei\u00f0a Baldursd\u00f3ttir doktor \u00ed sagnfr\u00e6\u00f0i, fyrirlestur um m\u00f6guleika tveggja umfangsmikilla heimildasafna fyrir ranns\u00f3knir; d\u00e1narb\u00fasuppskriftir og rafr\u00e6na gagnasafni\u00f0 Sarp. \u00cd fyrirlestrinum var lj\u00f3si varpa\u00f0 \u00e1 eiginleika tveggja \u00f3l\u00edkra heimildasafna (e. archives) og \u00fe\u00fd\u00f0ingu \u00feeirra fyrir ranns\u00f3knir \u00ed sagnfr\u00e6\u00f0i.<\/p>\n\n\n\n<figure class=\"wp-block-embed is-type-video is-provider-youtube wp-block-embed-youtube wp-embed-aspect-16-9 wp-has-aspect-ratio\"><div class=\"wp-block-embed__wrapper\">\n<iframe loading=\"lazy\" title=\"H\u00e1degisfyrirlestur: Hlutir \u00ed d\u00e1narb\u00fasuppskriftum og safnkosti \u00dej\u00f3\u00f0minjasafnsins\" width=\"525\" height=\"295\" src=\"https:\/\/www.youtube.com\/embed\/rXETtpE-C6o?start=10&#038;feature=oembed\" frameborder=\"0\" allow=\"accelerometer; autoplay; clipboard-write; encrypted-media; gyroscope; picture-in-picture; web-share\" referrerpolicy=\"strict-origin-when-cross-origin\" allowfullscreen><\/iframe>\n<\/div><\/figure>\n\n\n\n<hr class=\"wp-block-separator has-alpha-channel-opacity\"\/>\n\n\n\n<div style=\"height:100px\" aria-hidden=\"true\" class=\"wp-block-spacer\"><\/div>\n\n\n\n<p>Hinn 25. par\u00edl 2023 flutti sagnfr\u00e6\u00f0ingurinn Gu\u00f0n\u00fd Hallgr\u00edmsd\u00f3ttir fyrirlestur um hvernig n\u00fdta m\u00e1 heimildir \u00e1 \u00dej\u00f3\u00f0skjalasafni \u00cdslands til a\u00f0 r\u00fdna \u00ed efnahagslega st\u00f6\u00f0u vinnukvenna \u00e1 18. og 19. \u00f6ld.<\/p>\n\n\n\n<figure class=\"wp-block-embed is-type-video is-provider-youtube wp-block-embed-youtube wp-embed-aspect-16-9 wp-has-aspect-ratio\"><div class=\"wp-block-embed__wrapper\">\n<iframe loading=\"lazy\" title=\"H\u00e1degisfyrirlestur: Efnahagsleg sta\u00f0a kvenna \u00e1 18. og 19. \u00f6ld.\" width=\"525\" height=\"295\" src=\"https:\/\/www.youtube.com\/embed\/rfEdZUE0kcE?feature=oembed\" frameborder=\"0\" allow=\"accelerometer; autoplay; clipboard-write; encrypted-media; gyroscope; picture-in-picture; web-share\" referrerpolicy=\"strict-origin-when-cross-origin\" allowfullscreen><\/iframe>\n<\/div><\/figure>\n\n\n\n<hr class=\"wp-block-separator has-alpha-channel-opacity\"\/>\n\n\n\n<div style=\"height:100px\" aria-hidden=\"true\" class=\"wp-block-spacer\"><\/div>\n\n\n\n<p>Hinn 23. ma\u00ed 2023 flutti Sigur\u00f0ur Gylfi Magn\u00fasson, pr\u00f3fessor \u00ed menningars\u00f6gu vi\u00f0 H\u00e1sk\u00f3la \u00cdslands lokaerindi\u00f0 \u00ed fyrirlestrar\u00f6\u00f0inni. \u00cd fyrirlestrinum f\u00f3r Sigur\u00f0ur yfir hugmyndir f\u00f3lks um hluti sem \u00fea\u00f0 safnar og spur\u00f0i me\u00f0al annars: Hverju s\u00f6fnum vi\u00f0 a\u00f0 okkur? Hver er merking hlutanna fyrir einstaklingana?<\/p>\n\n\n\n<figure class=\"wp-block-embed is-type-video is-provider-youtube wp-block-embed-youtube wp-embed-aspect-16-9 wp-has-aspect-ratio\"><div class=\"wp-block-embed__wrapper\">\n<iframe loading=\"lazy\" title=\"H\u00e1degisfyrirlestur Einkaskjalas\u00f6fn og merking \u00feeirra\" width=\"525\" height=\"295\" src=\"https:\/\/www.youtube.com\/embed\/Bg2whKUdgHw?feature=oembed\" frameborder=\"0\" allow=\"accelerometer; autoplay; clipboard-write; encrypted-media; gyroscope; picture-in-picture; web-share\" referrerpolicy=\"strict-origin-when-cross-origin\" allowfullscreen><\/iframe>\n<\/div><\/figure>\n","protected":false},"excerpt":{"rendered":"<p>Fyrirlestrar\u00f6\u00f0 vegna s\u00fdningarinnar Heimsins hnoss \u00ed \u00dej\u00f3\u00f0minjasafni \u00cdslands \u00deri\u00f0judaginn 15. n\u00f3vember 2022 flutti M\u00e1r J\u00f3nsson, pr\u00f3fessor \u00ed sagnfr\u00e6\u00f0i vi\u00f0 H\u00e1sk\u00f3la \u00cdslands fyrsta h\u00e1degiserindi\u00f0 \u00ed fyrirlestrarsal \u00dej\u00f3\u00f0minjasafnsins, \u00fear fjalla\u00f0i hann um d\u00e1narb\u00fasuppskriftirnar. Dav\u00ed\u00f0 \u00d3lafsson sagnfr\u00e6\u00f0ingur og lektor \u00ed menningarfr\u00e6\u00f0i vi\u00f0 H\u00e1sk\u00f3la \u00cdslands var me\u00f0 erindi \u00ed \u00dej\u00f3\u00f0minjasafninu \u00feri\u00f0judaginn 29. n\u00f3vember 2022. \u00dear fjalla\u00f0i hann um \u00fe\u00e1 &hellip; <\/p>\n<p class=\"link-more\"><a href=\"https:\/\/hh.hi.is\/?page_id=422\" class=\"more-link\">Continue reading<span class=\"screen-reader-text\"> &#8220;Fyrirlestrar\u00f6\u00f0 HH\/lecture series (vide\u00f3)&#8221;<\/span><\/a><\/p>\n","protected":false},"author":3,"featured_media":0,"parent":0,"menu_order":0,"comment_status":"closed","ping_status":"closed","template":"","meta":{"footnotes":""},"_links":{"self":[{"href":"https:\/\/hh.hi.is\/index.php?rest_route=\/wp\/v2\/pages\/422"}],"collection":[{"href":"https:\/\/hh.hi.is\/index.php?rest_route=\/wp\/v2\/pages"}],"about":[{"href":"https:\/\/hh.hi.is\/index.php?rest_route=\/wp\/v2\/types\/page"}],"author":[{"embeddable":true,"href":"https:\/\/hh.hi.is\/index.php?rest_route=\/wp\/v2\/users\/3"}],"replies":[{"embeddable":true,"href":"https:\/\/hh.hi.is\/index.php?rest_route=%2Fwp%2Fv2%2Fcomments&post=422"}],"version-history":[{"count":11,"href":"https:\/\/hh.hi.is\/index.php?rest_route=\/wp\/v2\/pages\/422\/revisions"}],"predecessor-version":[{"id":444,"href":"https:\/\/hh.hi.is\/index.php?rest_route=\/wp\/v2\/pages\/422\/revisions\/444"}],"wp:attachment":[{"href":"https:\/\/hh.hi.is\/index.php?rest_route=%2Fwp%2Fv2%2Fmedia&parent=422"}],"curies":[{"name":"wp","href":"https:\/\/api.w.org\/{rel}","templated":true}]}}