{"id":76,"date":"2018-04-09T11:07:30","date_gmt":"2018-04-09T11:07:30","guid":{"rendered":"http:\/\/hh.hi.is\/?page_id=76"},"modified":"2024-01-29T23:00:33","modified_gmt":"2024-01-29T23:00:33","slug":"um-verkefnid","status":"publish","type":"page","link":"https:\/\/hh.hi.is\/","title":{"rendered":"Um verkefni\u00f0"},"content":{"rendered":"\n<p><strong>\u00c1varp fr\u00e1 Sigur\u00f0i Gylfa Magn\u00fassyni sem sj\u00f3rna\u00f0i verkefninu Heimsins hnoss: S\u00f6fn efnismenningar, menningararfur og merking, vegna lokask\u00fdrslu Heimsins hnoss til Rann\u00eds en hana m\u00e1 n\u00e1lgast <\/strong><a href=\"https:\/\/hh.hi.is\/wp-content\/uploads\/2024\/01\/IRF_Final_Scientific_Report3.pdf\" data-type=\"attachment\" data-id=\"445\"><strong>h\u00e9r<\/strong>.<\/a><\/p>\n\n\n\n<p>K\u00e6ru vinir.<\/p>\n\n\n\n<p>\u00cd morguns\u00e1ri\u00f0 (f\u00f6studaginn 26. jan\u00faar 2024) sendi \u00e9g inn lokask\u00fdrslu okkar fyrir Heimsins hnoss. \u00dea\u00f0 er mikill l\u00e9ttir og st\u00f3r \u00e1fangi. Ni\u00f0ursta\u00f0an er v\u00e6gast sagt sl\u00e1andi. \u00cd sk\u00fdrslunni kemur eftirfarandi fram:<\/p>\n\n\n\n<p>Eins og fram kom h\u00e9r a\u00f0 framan \u00fe\u00e1 l\u00f6g\u00f0um vi\u00f0 upp me\u00f0 \u00fea\u00f0 a\u00f0 birta \u00e1 t\u00edmabilinu eitt ritger\u00f0arsafn \u00e1 \u00edslensku og 10\u201312 greinar sem birtust \u00ed erlendum t\u00edmaritum. Ni\u00f0ursta\u00f0an var\u00f0 allt \u00f6nnur. \u00c1 vegum verkefnisins komu \u00fat 11 b\u00e6kur; sex sem hafa veri\u00f0 gefnar \u00fat erlendis, fimm h\u00e9r \u00e1 landi. Hluti af \u00feessum 11 b\u00f3kum eru fj\u00f6gur ritger\u00f0ars\u00f6fn sem eru hvert me\u00f0 15 til 18 ritger\u00f0ir; \u00ferj\u00fa eru gefin \u00fat \u00e1 okkar vegum en eitt er gefi\u00f0 \u00fat af samstarfsa\u00f0ilum \u00fear sem hluti v\u00edsindamanna \u00ed Heimsins hnoss t\u00f3ku \u00fe\u00e1tt \u00ed a\u00f0 skapa \u00fea\u00f0. Greinar sem hafa birst \u00ed t\u00edmaritum og b\u00f3kum eru 18 en \u00fear a\u00f0 auki eru greinarnar sem hafa birst \u00ed ofant\u00f6ldu ritger\u00f0ars\u00f6fnum. \u00dea\u00f0 m\u00e1 \u00fev\u00ed segja a\u00f0 ritger\u00f0arfj\u00f6ldinn sem unninn hefur veri\u00f0 \u00e1 vegum verkefnisins s\u00e9 margfaldur \u00e1 vi\u00f0 \u00fea\u00f0 sem lagt var upp me\u00f0. Greinarnar eru \u00fev\u00ed allt \u00ed allt 71 talsins. (Lokask\u00fdrsla til Rann\u00eds, bls 2 -3)<\/p>\n\n\n\n<p>\u00de\u00e1 voru b\u00fain til nokkur gagnas\u00f6fn, s\u00fdning sett upp \u00ed \u00dej\u00f3\u00f0minjasafni, \u00ferj\u00e1r doktorsritger\u00f0ir, \u00ferj\u00e1r MA ritger\u00f0ir og \u00e1 \u00e1ttunda tug fyrirlestrar fluttir af okkur \u00e1 \u00feessu fimm \u00e1ra t\u00edmabili. \u00dea\u00f0 er eiginlega ekki h\u00e6gt anna\u00f0 en a\u00f0 undrast \u00feessa ni\u00f0urst\u00f6\u00f0u, svo m\u00f6gnu\u00f0 er h\u00fan.<\/p>\n\n\n\n<p>Hamingj\u00f3skir til okkar allra og takk fyrir fr\u00e1b\u00e6rt samstarf.<\/p>\n\n\n\n<!--more-->\n\n\n\n<hr class=\"wp-block-separator has-alpha-channel-opacity is-style-wide\"\/>\n\n\n\n<p><\/p>\n\n\n\n<p><\/p>\n\n\n\n<p>Velkomin \u00e1 vefsv\u00e6\u00f0i \u00f6ndvegisverkefnisins Heimsins hnoss: S\u00f6fn efnismenningar, menningararfur og merking sem f\u00e9kk \u00feriggja \u00e1ra styrk fr\u00e1 Ranns\u00f3knarmi\u00f0st\u00f6\u00f0 \u00cdslands (RANN\u00cdS) \u00e1ri\u00f0 2018. Verkefninu stj\u00f3rnar Sigur\u00f0ur Gylfi Magn\u00fasson, pr\u00f3fessor \u00ed menningars\u00f6gu vi\u00f0 Sagnfr\u00e6\u00f0i- og heimspekideild H\u00e1sk\u00f3la \u00cdslands.<\/p>\n\n\n\n<p>Ranns\u00f3knarverkefni\u00f0 samanstendur af framlagi fr\u00e6\u00f0imanna \u00e1 svi\u00f0i sagnfr\u00e6\u00f0i, efnismenningarfr\u00e6\u00f0a (fornleifafr\u00e6\u00f0i og mannfr\u00e6\u00f0i) sem og safnafr\u00e6\u00f0a. \u00deungi ranns\u00f3knarinnar ver\u00f0ur tv\u00ed\u00fe\u00e6ttur: \u00cd fyrsta lagi ver\u00f0ur \u00e1hersla l\u00f6g\u00f0 \u00e1 fyrirb\u00e6ri\u00f0 safn (\u201cthe archive\u201d); hvernig vi\u00f0 var\u00f0veitum hugmyndina um li\u00f0na t\u00ed\u00f0, hvernig f\u00f3lk og umhverfi \u00feess er skr\u00e1\u00f0 og hvernig ger\u00f0 er grein fyrir \u00fev\u00ed \u00ed s\u00f6gulegum heimildum. \u00cd \u00f6\u00f0ru lagi ver\u00f0ur huga\u00f0 a\u00f0 \u00fev\u00ed hvernig s\u00f6fn hafa veri\u00f0 n\u00fdtt \u00ed v\u00edsindum \u00e1 fj\u00f6lbreyttum svi\u00f0um akadem\u00edskra ranns\u00f3kna. \u00dear ver\u00f0ur \u00e1herslan fyrst og fremst \u00e1 efnismenningu; hva\u00f0a hluti \u00e1tti f\u00f3lk samkv\u00e6mt \u00f3l\u00edkum \u201es\u00f6fnum\u201c og hvernig voru \u00feeir n\u00fdttir? \u00dea\u00f0 \u00fearf a\u00f0 r\u00e6\u00f0a hvernig hlutirnir voru b\u00fanir til, hvernig f\u00f3lk eigna\u00f0ist \u00fe\u00e1, hvernig \u00feeir voru nota\u00f0ir og hva\u00f0 f\u00f3lki (eigendunum og \u00f6\u00f0rum) fannst um \u00fe\u00e1 \u2013 um hugmynda- og hugarfarslegt gildi \u00feeirra \u2013 og hvort \u00feeir \u00f6\u00f0lu\u00f0ust \u00ed hverdagsl\u00edfinu s\u00e9rstaka merkingu. \u00d3l\u00edkum \u201es\u00f6fnum\u201c ver\u00f0ur teflt saman til \u00feess a\u00f0 f\u00e1 t\u00e6kif\u00e6ri til a\u00f0 sko\u00f0a hugmyndir manna um fort\u00ed\u00f0ina \u00fat fr\u00e1 n\u00fdju sj\u00f3narhorni og gagnr\u00fdna um lei\u00f0 hvernig fr\u00e6\u00f0aheimurinn hefur unni\u00f0 s\u00edn verk. Hugmyndin a\u00f0 baki \u00feessari n\u00e1lgun er a\u00f0 \u00feekking \u00e1 hlutveruleika hversdagsl\u00edfs s\u00e9 undirsta\u00f0a aukins skilnings \u00e1 \u00fev\u00ed hvernig f\u00f3lk \u201ebygg\u00f0i\u201c l\u00edf sitt og skapa\u00f0i s\u00e9r \u00edmynd (identity), og hvernig efnismenning og hlutir daglegs l\u00edfs stu\u00f0lu\u00f0u a\u00f0 \u00feeirri \u00edmyndar og samf\u00e9lagssk\u00f6pun.<\/p>\n\n\n\n<p>N\u00e1kv\u00e6mar opinberar uppskriftir yfirvalda \u00e1 d\u00e1narb\u00faum f\u00f3lks og heimilum sem \u00feurfti a\u00f0 gera upp vegna \u00fdmissa \u00e1st\u00e6\u00f0a ver\u00f0a l\u00f6g\u00f0 til grundvallar \u00feessu verkefni, en um er a\u00f0 r\u00e6\u00f0a um 25 \u00fe\u00fasund uppskriftir fr\u00e1 17. \u00f6ld og fram \u00e1 \u00fe\u00e1 20. Ger\u00f0 ver\u00f0ur markviss \u00fattekt \u00e1 uppskriftarb\u00f3kum s\u00fdslumanna og \u00feeim teflt saman vi\u00f0 gripi sem eru geymdir \u00ed \u00dej\u00f3\u00f0minjasafni \u00cdslands og v\u00ed\u00f0ar. A\u00f0rir heimildaflokkar ver\u00f0a einnig undir en \u00feessir tveir eru \u00fe\u00f3 vi\u00f0amestir. \u00deessi ranns\u00f3knarvinnu ver\u00f0ur umfangsmikil og \u00fea\u00f0 ver\u00f0ur mj\u00f6g forvitnilegt a\u00f0 n\u00fdta efni fr\u00e1 \u00feessum heimildarflokkum um efnismenning til \u00feess a\u00f0 \u00e1tta sig \u00e1 hvernig menningararfurinn hafi or\u00f0i\u00f0 til.<\/p>\n\n\n\n<p>Fj\u00f6lmargar spurningar koma \u00ed hugan \u00feegar liti\u00f0 er til uppskriftanna, svo sem hvernig l\u00fdsa \u00fe\u00e6r efnahagi \u00fej\u00f3\u00f0ar? Hva\u00f0a samr\u00e6mi er \u00e1 milli uppskriftanna og safnakosts \u00edslenskra minjasafna? Hvernig falla uppskriftirnar a\u00f0 fr\u00e6\u00f0ilegri or\u00f0r\u00e6\u00f0u um efnisveruleika e\u00f0a \u00e6viferli hluta? Hvernig \u00fej\u00f3\u00f0f\u00e9lags- og pers\u00f3nugervi birtist okkur \u00ed uppskriftunum? Hvernig endurspegla uppskriftirnar samb\u00e6rileg g\u00f6gn annars sta\u00f0ar \u00ed ver\u00f6ldinni? Hva\u00f0a uppl\u00fdsingar um hugl\u00e6gt og efnahagslegt ver\u00f0m\u00e6ti hluta m\u00e1 vinna \u00far uppskriftunum? \u00deannig m\u00e1 lengi telja en hugmyndir v\u00edsindamannanna sem standa a\u00f0 \u00feessari ums\u00f3kn er a\u00f0 n\u00fdta \u00feessa tvo gagnagrunna til a\u00f0 kanna hversdagsl\u00edf f\u00f3lks \u00e1 n\u00fdjan og spennandi h\u00e1tt \u2013 tengja saman hlutveruleikan, tilfinningarl\u00edf og hverdagslega reynslu f\u00f3lks \u00e1 19. og fram \u00e1 20. \u00f6ld.<\/p>\n","protected":false},"excerpt":{"rendered":"<p>\u00c1varp fr\u00e1 Sigur\u00f0i Gylfa Magn\u00fassyni sem sj\u00f3rna\u00f0i verkefninu Heimsins hnoss: S\u00f6fn efnismenningar, menningararfur og merking, vegna lokask\u00fdrslu Heimsins hnoss til Rann\u00eds en hana m\u00e1 n\u00e1lgast h\u00e9r. K\u00e6ru vinir. \u00cd morguns\u00e1ri\u00f0 (f\u00f6studaginn 26. jan\u00faar 2024) sendi \u00e9g inn lokask\u00fdrslu okkar fyrir Heimsins hnoss. \u00dea\u00f0 er mikill l\u00e9ttir og st\u00f3r \u00e1fangi. Ni\u00f0ursta\u00f0an er v\u00e6gast sagt sl\u00e1andi. \u00cd &hellip; <\/p>\n<p class=\"link-more\"><a href=\"https:\/\/hh.hi.is\/\" class=\"more-link\">Continue reading<span class=\"screen-reader-text\"> &#8220;Um verkefni\u00f0&#8221;<\/span><\/a><\/p>\n","protected":false},"author":2,"featured_media":0,"parent":0,"menu_order":0,"comment_status":"closed","ping_status":"closed","template":"","meta":{"footnotes":""},"_links":{"self":[{"href":"https:\/\/hh.hi.is\/index.php?rest_route=\/wp\/v2\/pages\/76"}],"collection":[{"href":"https:\/\/hh.hi.is\/index.php?rest_route=\/wp\/v2\/pages"}],"about":[{"href":"https:\/\/hh.hi.is\/index.php?rest_route=\/wp\/v2\/types\/page"}],"author":[{"embeddable":true,"href":"https:\/\/hh.hi.is\/index.php?rest_route=\/wp\/v2\/users\/2"}],"replies":[{"embeddable":true,"href":"https:\/\/hh.hi.is\/index.php?rest_route=%2Fwp%2Fv2%2Fcomments&post=76"}],"version-history":[{"count":4,"href":"https:\/\/hh.hi.is\/index.php?rest_route=\/wp\/v2\/pages\/76\/revisions"}],"predecessor-version":[{"id":455,"href":"https:\/\/hh.hi.is\/index.php?rest_route=\/wp\/v2\/pages\/76\/revisions\/455"}],"wp:attachment":[{"href":"https:\/\/hh.hi.is\/index.php?rest_route=%2Fwp%2Fv2%2Fmedia&parent=76"}],"curies":[{"name":"wp","href":"https:\/\/api.w.org\/{rel}","templated":true}]}}